{"id":83,"date":"2023-01-23T07:42:36","date_gmt":"2023-01-23T07:42:36","guid":{"rendered":"http:\/\/bracketweb.com\/agrionwp\/?page_id=83"},"modified":"2025-12-05T20:10:22","modified_gmt":"2025-12-05T20:10:22","slug":"haberler","status":"publish","type":"page","link":"https:\/\/www.yekoop.com.tr\/index.php\/haberler\/","title":{"rendered":"Haberler"},"content":{"rendered":"\t\t<div data-elementor-type=\"wp-page\" data-elementor-id=\"83\" class=\"elementor elementor-83\" data-elementor-post-type=\"page\">\n\t\t\t\t\t\t<section class=\"elementor-section elementor-top-section elementor-element elementor-element-be96555 elementor-section-full_width elementor-section-height-default elementor-section-height-default\" data-id=\"be96555\" data-element_type=\"section\" data-e-type=\"section\">\n\t\t\t\t\t\t<div class=\"elementor-container elementor-column-gap-no\">\n\t\t\t\t\t<div class=\"elementor-column elementor-col-100 elementor-top-column elementor-element elementor-element-b3ea623\" data-id=\"b3ea623\" data-element_type=\"column\" data-e-type=\"column\">\n\t\t\t<div class=\"elementor-widget-wrap elementor-element-populated\">\n\t\t\t\t\t\t<div class=\"elementor-element elementor-element-8a4048a elementor-widget elementor-widget-agrion-blog\" data-id=\"8a4048a\" data-element_type=\"widget\" data-e-type=\"widget\" data-widget_type=\"agrion-blog.default\">\n\t\t\t\t<div class=\"elementor-widget-container\">\n\t\t\t\t\t\t<!--Blog Page Start-->\r\n\t<section class=\"blog-page\">\r\n\t\t<div class=\"container\">\r\n\t\t\t<div class=\"row\">\r\n\t\t\t\t\t\t\t\t\t\t\t\t\t<!--Blog One Single Start-->\r\n\t\t\t\t\t<div class=\"col-xl-4 col-lg-4 col-md-6 wow fadeInUp\" data-wow-delay=\"100ms\">\r\n\t\t\t\t\t\t<div class=\"blog-one__single\">\r\n\t\t\t\t\t\t\t<div class=\"blog-one__img\">\r\n\t\t\t\t\t\t\t\t<img fetchpriority=\"high\" decoding=\"async\" width=\"370\" height=\"410\" src=\"https:\/\/www.yekoop.com.tr\/wp-content\/uploads\/2023\/01\/blog-07-370x410.jpg\" class=\"attachment-agrion_blog_370X410 size-agrion_blog_370X410 wp-post-image\" alt=\"alt\" \/>\t\t\t\t\t\t\t\t<div class=\"blog-one__date\">\r\n\t\t\t\t\t\t\t\t\t<span>23<\/span>\r\n\t\t\t\t\t\t\t\t\t<p>Oca<\/p>\r\n\t\t\t\t\t\t\t\t<\/div>\r\n\t\t\t\t\t\t\t<\/div>\r\n\t\t\t\t\t\t\t<div class=\"blog-one__content\">\r\n\t\t\t\t\t\t\t\t<ul class=\"blog-one__meta list-unstyled ml-0\">\r\n\t\t\t\t\t\t\t\t\t<li>\r\n\t\t\t\t\t\t\t\t\t\t<span class=\"byline\"><i class=\"fas fa-user-circle\"><\/i> <span class=\"author vcard\"><a class=\"url fn n\" href=\"https:\/\/www.yekoop.com.tr\/index.php\/author\/admin\/\">admin<\/a><\/span><\/span>\t\t\t\t\t\t\t\t\t<\/li>\r\n\t\t\t\t\t\t\t\t\t<li>\r\n\t\t\t\t\t\t\t\t\t\t\t\t\t\t\t\t\t\t\t<\/li>\r\n\t\t\t\t\t\t\t\t<\/ul>\r\n\t\t\t\t\t\t\t\t<h3 class=\"blog-one__title\">\r\n\t\t\t\t\t\t\t\t\t<a href=\"https:\/\/www.yekoop.com.tr\/index.php\/2023\/01\/23\/why-agriculture-for-the-environment\/\">S.S. Yenipazar Tar\u0131msal Kalk\u0131nma Kooperatifi Yeni Web Sitesini Yay\u0131na Ald\u0131<\/a>\r\n\t\t\t\t\t\t\t\t<\/h3>\r\n\t\t\t\t\t\t\t<\/div>\r\n\t\t\t\t\t\t<\/div>\r\n\t\t\t\t\t<\/div>\r\n\t\t\t\t\t<!--Blog One Single End-->\r\n\t\t\t\t\t\t\t\t\t\t\t\t\t<div class=\"col-lg-12\">\r\n\t\t\t\t\t\t<div class=\"blog-pagination portfolio-page__btn-box justify-content-center text-center\">\r\n\t\t\t\t\t\t\t\t\t\t\t\t\t<\/div><!-- \/.blog-post-pagination -->\r\n\t\t\t\t\t<\/div><!-- \/.col-lg-12 -->\r\n\t\t\t\t\t\t\t\t\t\t\t<\/div>\r\n\t\t<\/div>\r\n\t<\/section>\r\n\t<!--Blog Page End-->\r\n\r\n\t\t\t\t<\/div>\n\t\t\t\t<\/div>\n\t\t\t\t\t<\/div>\n\t\t<\/div>\n\t\t\t\t\t<\/div>\n\t\t<\/section>\n\t\t\t\t<\/div>\n\t\t","protected":false},"excerpt":{"rendered":"<p>23Jan sazzad Leave a Comment on Why Agriculture for the Environment Why Agriculture for the Environment 23 Jan sazzad Leave a Comment on Praesent varius elit nisl, in maximus augue Praesent varius elit nisl, in maximus augue 23 Jan sazzad Leave a Comment on vestibulum nisi iaculis. Donec id euismod vestibulum nisi iaculis. Donec id [&hellip;]<\/p>\n","protected":false},"author":1,"featured_media":0,"parent":0,"menu_order":0,"comment_status":"closed","ping_status":"closed","template":"elementor_header_footer","meta":{"footnotes":""},"class_list":["post-83","page","type-page","status-publish","hentry"],"_links":{"self":[{"href":"https:\/\/www.yekoop.com.tr\/index.php\/wp-json\/wp\/v2\/pages\/83","targetHints":{"allow":["GET"]}}],"collection":[{"href":"https:\/\/www.yekoop.com.tr\/index.php\/wp-json\/wp\/v2\/pages"}],"about":[{"href":"https:\/\/www.yekoop.com.tr\/index.php\/wp-json\/wp\/v2\/types\/page"}],"author":[{"embeddable":true,"href":"https:\/\/www.yekoop.com.tr\/index.php\/wp-json\/wp\/v2\/users\/1"}],"replies":[{"embeddable":true,"href":"https:\/\/www.yekoop.com.tr\/index.php\/wp-json\/wp\/v2\/comments?post=83"}],"version-history":[{"count":1,"href":"https:\/\/www.yekoop.com.tr\/index.php\/wp-json\/wp\/v2\/pages\/83\/revisions"}],"predecessor-version":[{"id":1347,"href":"https:\/\/www.yekoop.com.tr\/index.php\/wp-json\/wp\/v2\/pages\/83\/revisions\/1347"}],"wp:attachment":[{"href":"https:\/\/www.yekoop.com.tr\/index.php\/wp-json\/wp\/v2\/media?parent=83"}],"curies":[{"name":"wp","href":"https:\/\/api.w.org\/{rel}","templated":true}]}}