{"id":73,"date":"2023-01-23T07:38:08","date_gmt":"2023-01-23T07:38:08","guid":{"rendered":"http:\/\/bracketweb.com\/agrionwp\/?page_id=73"},"modified":"2026-01-05T18:39:46","modified_gmt":"2026-01-05T18:39:46","slug":"sut-alimi-ve-toplama-hizmeti","status":"publish","type":"page","link":"https:\/\/www.yekoop.com.tr\/index.php\/sut-alimi-ve-toplama-hizmeti\/","title":{"rendered":"S\u00fct Al\u0131m\u0131 ve Toplama Hizmeti"},"content":{"rendered":"\t\t<div data-elementor-type=\"wp-page\" data-elementor-id=\"73\" class=\"elementor elementor-73\" data-elementor-post-type=\"page\">\n\t\t\t\t\t\t<section class=\"elementor-section elementor-top-section elementor-element elementor-element-d5282ee service-details elementor-section-boxed elementor-section-height-default elementor-section-height-default\" data-id=\"d5282ee\" data-element_type=\"section\" data-e-type=\"section\">\n\t\t\t\t\t\t<div class=\"elementor-container elementor-column-gap-default\">\n\t\t\t\t\t<div class=\"elementor-column elementor-col-33 elementor-top-column elementor-element elementor-element-104d52f\" data-id=\"104d52f\" data-element_type=\"column\" data-e-type=\"column\">\n\t\t\t<div class=\"elementor-widget-wrap elementor-element-populated\">\n\t\t\t\t\t\t<div class=\"elementor-element elementor-element-f4efff6 elementor-widget elementor-widget-agrion-sidebar\" data-id=\"f4efff6\" data-element_type=\"widget\" data-e-type=\"widget\" data-widget_type=\"agrion-sidebar.default\">\n\t\t\t\t<div class=\"elementor-widget-container\">\n\t\t\t\t\t\t<div class=\"sidebar__single sidebar__category sidebar__service\">\r\n\t\t<h3 class=\"sidebar__title\">Hizmetler<\/h3>\t\t\t\t\t<ul id=\"menu-services\" class=\"sidebar__category-list list-unstyled clearfix ml-0\"><li id=\"menu-item-767\" class=\"menu-item menu-item-type-post_type menu-item-object-page menu-item-767\"><a href=\"https:\/\/www.yekoop.com.tr\/index.php\/sut-alimi-ve-toplama-hizmeti\/\"><span class=\"icon-right-arrow\"><\/span>S\u00fct Al\u0131m\u0131 ve Toplama Hizmeti<\/a><\/li>\n<li id=\"menu-item-1454\" class=\"menu-item menu-item-type-post_type menu-item-object-page menu-item-1454\"><a href=\"https:\/\/www.yekoop.com.tr\/index.php\/tarimsal-urun-ve-yem-tedariki\/\"><span class=\"icon-right-arrow\"><\/span>Tar\u0131msal \u00dcr\u00fcn ve Yem Tedariki<\/a><\/li>\n<\/ul>\t\t\t<\/div>\r\n\t\t\t\t<\/div>\n\t\t\t\t<\/div>\n\t\t\t\t<div class=\"elementor-element elementor-element-a8e6db0 elementor-widget elementor-widget-agrion-sidebar\" data-id=\"a8e6db0\" data-element_type=\"widget\" data-e-type=\"widget\" data-widget_type=\"agrion-sidebar.default\">\n\t\t\t\t<div class=\"elementor-widget-container\">\n\t\t\t\t\t\t<div class=\"services-details__need-help\">\r\n\t\t<div class=\"services-details__need-help-bg\" style=\"\r\n                      background-image: url(http:\/\/bracketweb.com\/agrionwp\/wp-content\/uploads\/2023\/02\/services-details-need-help-bg.jpg);\r\n                    \"><\/div>\r\n\r\n\t\t<h3 class=\"services-details__need-help-title\">Bize Ula\u015f\u0131n<\/h3>\t\t<div class=\"services-details__need-help-icon\">\r\n\t\t\t<span aria-hidden=\"true\" class=\"  icon-phone-ringing\"><\/span>\t\t<\/div>\r\n\t\t<div class=\"services-details__need-help-contact\">\r\n\t\t\t<p class=\"\">S.S. Yenipazar Tar\u0131msal Kalk\u0131nma Kooperatifi<\/p>\t\t\t\t\t<\/div>\r\n\t<\/div>\r\n\t\t\t\t<\/div>\n\t\t\t\t<\/div>\n\t\t\t\t\t<\/div>\n\t\t<\/div>\n\t\t\t\t<div class=\"elementor-column elementor-col-66 elementor-top-column elementor-element elementor-element-3ac4458\" data-id=\"3ac4458\" data-element_type=\"column\" data-e-type=\"column\">\n\t\t\t<div class=\"elementor-widget-wrap elementor-element-populated\">\n\t\t\t\t\t\t<div class=\"elementor-element elementor-element-298d800 elementor-widget elementor-widget-agrion-service-details\" data-id=\"298d800\" data-element_type=\"widget\" data-e-type=\"widget\" data-widget_type=\"agrion-service-details.default\">\n\t\t\t\t<div class=\"elementor-widget-container\">\n\t\t\t\t\t\r\n\t<div class=\"services-details__img\">\r\n\t\t<img decoding=\"async\" src=\"https:\/\/www.yekoop.com.tr\/wp-content\/uploads\/2026\/01\/istockphoto-1414600194-612x612-1.jpg\" alt=\"Young female farmer pouring raw milk into container while squatting in rural field\" title=\"istockphoto-1414600194-612&#215;612\" >\t\t<div class=\"services-details__img-icon icon-svg-large\">\r\n\t\t\t<span aria-hidden=\"true\" class=\"  icon-organic-food\"><\/span>\t\t<\/div>\r\n\t<\/div>\r\n\t\t\t\t<\/div>\n\t\t\t\t<\/div>\n\t\t\t\t<div class=\"elementor-element elementor-element-6213a6b elementor-widget elementor-widget-heading\" data-id=\"6213a6b\" data-element_type=\"widget\" data-e-type=\"widget\" data-widget_type=\"heading.default\">\n\t\t\t\t\t<h2 class=\"elementor-heading-title elementor-size-default\"><div data-id=\"3b98bd2c\" data-element_type=\"widget\" data-widget_type=\"heading.default\" style=\"align-self: auto;flex: 0 1 auto;align-items: normal;flex-flow: row;gap: normal;--widgets-spacing: 20px 20px;--widgets-spacing-row: 20px;--widgets-spacing-column: 20px;width: 729.922px;margin-block-end: 0px;--kit-widget-spacing: 0px;padding: 30px 0px 21px;font-family: Manrope, sans-serif;font-size: 16px;font-weight: 500\"><h2 style=\"font-weight: 800;line-height: 46px;font-size: 36px;font-family: Roboto, sans-serif;letter-spacing: -1.44px\">S\u00fct Al\u0131m\u0131 ve Toplama Hizmeti<span style=\"font-size: 2rem\"><\/span><\/h2><\/div><\/h2>\t\t\t\t<\/div>\n\t\t\t\t<div class=\"elementor-element elementor-element-8698efe elementor-widget elementor-widget-text-editor\" data-id=\"8698efe\" data-element_type=\"widget\" data-e-type=\"widget\" data-widget_type=\"text-editor.default\">\n\t\t\t\t\t\t\t\t\t<p data-start=\"1415\" data-end=\"1762\"><span style=\"color: #17706d; font-family: 'DM Sans', sans-serif; font-size: 18px; text-align: center;\">S.S. Yenipazar Tar\u0131msal Kalk\u0131nma Kooperatifi\u00a0<\/span>olarak b\u00f6lgemizin s\u00fct \u00fcretimini destekliyor, \u00fcreticilerimizin emeklerinin kar\u015f\u0131l\u0131\u011f\u0131n\u0131 almalar\u0131n\u0131 sa\u011fl\u0131yoruz.<br data-start=\"1603\" data-end=\"1606\" \/>Kooperatifimiz taraf\u0131ndan ger\u00e7ekle\u015ftirilen s\u00fct al\u0131m hizmeti, d\u00fczenli toplama ara\u00e7lar\u0131 ile k\u00f6ylerden belirli saatlerde yap\u0131l\u0131r. \u00dcreticilerimizin s\u00fctleri:<\/p><ul data-start=\"1764\" data-end=\"1897\"><li data-start=\"1764\" data-end=\"1795\"><p data-start=\"1766\" data-end=\"1795\">Hijyenik \u015fartlarda toplan\u0131r<\/p><\/li><li data-start=\"1796\" data-end=\"1828\"><p data-start=\"1798\" data-end=\"1828\">So\u011futma tanklar\u0131na aktar\u0131l\u0131r<\/p><\/li><li data-start=\"1829\" data-end=\"1856\"><p data-start=\"1831\" data-end=\"1856\">Kalite kontrol\u00fc yap\u0131l\u0131r<\/p><\/li><li data-start=\"1857\" data-end=\"1897\"><p data-start=\"1859\" data-end=\"1897\">Adil fiyat \u00fczerinden de\u011ferlendirilir<\/p><\/li><\/ul><p data-start=\"1899\" data-end=\"2051\">S\u00fct \u00fcreticisinin eme\u011fine sahip \u00e7\u0131kan \u015feffaf bir sistemle \u00e7al\u0131\u015f\u0131yoruz. Kooperatifimiz her \u00fcreticinin s\u00fcrd\u00fcr\u00fclebilir kazan\u00e7 elde etmesini hedeflemektedir.<\/p>\t\t\t\t\t\t\t\t<\/div>\n\t\t\t\t\t<\/div>\n\t\t<\/div>\n\t\t\t\t\t<\/div>\n\t\t<\/section>\n\t\t\t\t<\/div>\n\t\t","protected":false},"excerpt":{"rendered":"<p>Hizmetler S\u00fct Al\u0131m\u0131 ve Toplama Hizmeti #821 (ba\u015fl\u0131k yok) #816 (ba\u015fl\u0131k yok) Organic Products Bize Ula\u015f\u0131n S.S. Yenipazar Tar\u0131msal Kalk\u0131nma Kooperatifi S\u00fct Al\u0131m\u0131 ve Toplama Hizmeti S.S. Yenipazar Tar\u0131msal Kalk\u0131nma Kooperatifi\u00a0olarak b\u00f6lgemizin s\u00fct \u00fcretimini destekliyor, \u00fcreticilerimizin emeklerinin kar\u015f\u0131l\u0131\u011f\u0131n\u0131 almalar\u0131n\u0131 sa\u011fl\u0131yoruz.Kooperatifimiz taraf\u0131ndan ger\u00e7ekle\u015ftirilen s\u00fct al\u0131m hizmeti, d\u00fczenli toplama ara\u00e7lar\u0131 ile k\u00f6ylerden belirli saatlerde yap\u0131l\u0131r. \u00dcreticilerimizin s\u00fctleri: [&hellip;]<\/p>\n","protected":false},"author":1,"featured_media":0,"parent":0,"menu_order":0,"comment_status":"closed","ping_status":"closed","template":"elementor_header_footer","meta":{"footnotes":""},"class_list":["post-73","page","type-page","status-publish","hentry"],"_links":{"self":[{"href":"https:\/\/www.yekoop.com.tr\/index.php\/wp-json\/wp\/v2\/pages\/73","targetHints":{"allow":["GET"]}}],"collection":[{"href":"https:\/\/www.yekoop.com.tr\/index.php\/wp-json\/wp\/v2\/pages"}],"about":[{"href":"https:\/\/www.yekoop.com.tr\/index.php\/wp-json\/wp\/v2\/types\/page"}],"author":[{"embeddable":true,"href":"https:\/\/www.yekoop.com.tr\/index.php\/wp-json\/wp\/v2\/users\/1"}],"replies":[{"embeddable":true,"href":"https:\/\/www.yekoop.com.tr\/index.php\/wp-json\/wp\/v2\/comments?post=73"}],"version-history":[{"count":8,"href":"https:\/\/www.yekoop.com.tr\/index.php\/wp-json\/wp\/v2\/pages\/73\/revisions"}],"predecessor-version":[{"id":1448,"href":"https:\/\/www.yekoop.com.tr\/index.php\/wp-json\/wp\/v2\/pages\/73\/revisions\/1448"}],"wp:attachment":[{"href":"https:\/\/www.yekoop.com.tr\/index.php\/wp-json\/wp\/v2\/media?parent=73"}],"curies":[{"name":"wp","href":"https:\/\/api.w.org\/{rel}","templated":true}]}}