{"id":71,"date":"2023-01-23T07:37:19","date_gmt":"2023-01-23T07:37:19","guid":{"rendered":"http:\/\/bracketweb.com\/agrionwp\/?page_id=71"},"modified":"2026-04-02T13:11:16","modified_gmt":"2026-04-02T13:11:16","slug":"hizmetlerimiz","status":"publish","type":"page","link":"https:\/\/www.yekoop.com.tr\/index.php\/hizmetlerimiz\/","title":{"rendered":"Hizmetlerimiz"},"content":{"rendered":"\t\t<div data-elementor-type=\"wp-page\" data-elementor-id=\"71\" class=\"elementor elementor-71\" data-elementor-post-type=\"page\">\n\t\t\t\t\t\t<section class=\"elementor-section elementor-top-section elementor-element elementor-element-17db275 elementor-section-full_width elementor-section-height-default elementor-section-height-default\" data-id=\"17db275\" data-element_type=\"section\" data-e-type=\"section\">\n\t\t\t\t\t\t<div class=\"elementor-container elementor-column-gap-no\">\n\t\t\t\t\t<div class=\"elementor-column elementor-col-100 elementor-top-column elementor-element elementor-element-1cfdc95\" data-id=\"1cfdc95\" data-element_type=\"column\" data-e-type=\"column\">\n\t\t\t<div class=\"elementor-widget-wrap elementor-element-populated\">\n\t\t\t\t\t\t<div class=\"elementor-element elementor-element-5000448 elementor-widget elementor-widget-agrion-service\" data-id=\"5000448\" data-element_type=\"widget\" data-e-type=\"widget\" data-widget_type=\"agrion-service.default\">\n\t\t\t\t<div class=\"elementor-widget-container\">\n\t\t\t\t\t\r\n\t<!--Services Two Start-->\r\n\t<section class=\"services-page\">\r\n\t\t<div class=\"container\">\r\n\t\t\t<div class=\"row\">\r\n\t\t\t\t\t\t\t\t\t\t\t\t\t\t\t<!--Services Two Single Start-->\r\n\t\t\t\t\t\t<div class=\"col-xl-4 col-lg-4 wow fadeInUp\" data-wow-delay=\"100ms\">\r\n\t\t\t\t\t\t\t<div class=\"services-two__single\">\r\n\t\t\t\t\t\t\t\t<div class=\"services-two__img\">\r\n\t\t\t\t\t\t\t\t\t<img decoding=\"async\" src=\"https:\/\/www.yekoop.com.tr\/wp-content\/uploads\/2026\/01\/istockphoto-1414600194-612x612-1.jpg\" alt=\"Young female farmer pouring raw milk into container while squatting in rural field\" title=\"istockphoto-1414600194-612&#215;612\" >\t\t\t\t\t\t\t\t<\/div>\r\n\t\t\t\t\t\t\t\t<div class=\"services-two__content\">\r\n\t\t\t\t\t\t\t\t\t<div class=\"services-two__icon icon-svg-large\">\r\n\t\t\t\t\t\t\t\t\t\t<span aria-hidden=\"true\" class=\"  icon-dairy-products\"><\/span>\t\t\t\t\t\t\t\t\t<\/div>\r\n\t\t\t\t\t\t\t\t\t<div class=\"services-two__more-details\">\r\n\t\t\t\t\t\t\t\t\t\t<a   href=\"https:\/\/www.yekoop.com.tr\/index.php\/sut-alimi-ve-toplama-hizmeti\/\">\r\n\t\t\t\t\t\t\t\t\t\t\t<i aria-hidden=\"true\" class=\"  icon-right-arrow\"><\/i>\t\t\t\t\t\t\t\t\t\t\tDevam\u0131n\u0131 Oku\t\t\t\t\t\t\t\t\t\t<\/a>\r\n\t\t\t\t\t\t\t\t\t<\/div>\r\n\t\t\t\t\t\t\t\t<\/div>\r\n\t\t\t\t\t\t\t\t<div class=\"services-two__title-box\">\r\n\t\t\t\t\t\t\t\t\t\t\t\t\t\t\t\t\t\t<h3 class=\"services-two__title\">\r\n\t\t\t\t\t\t\t\t\t\t<a class=\"\" href=\"https:\/\/www.yekoop.com.tr\/index.php\/sut-alimi-ve-toplama-hizmeti\/\"  >S\u00fct Al\u0131m\u0131 ve Toplama Hizmeti<\/a>\t\t\t\t\t\t\t\t\t<\/h3>\r\n\t\t\t\t\t\t\t\t<\/div>\r\n\t\t\t\t\t\t\t\t<div class=\"services-two__hover-content\">\r\n\t\t\t\t\t\t\t\t\t\t\t\t\t\t\t\t\t\t<h3 class=\"services-two__hover-title\">\r\n\t\t\t\t\t\t\t\t\t\t<a class=\" \" href=\"https:\/\/www.yekoop.com.tr\/index.php\/sut-alimi-ve-toplama-hizmeti\/\"  >S\u00fct Al\u0131m\u0131 ve Toplama Hizmeti<\/a>\t\t\t\t\t\t\t\t\t<\/h3>\r\n\t\t\t\t\t\t\t\t\t\t\t\t\t\t\t\t\t\t<div class=\"services-two__hover-more-details\">\r\n\t\t\t\t\t\t\t\t\t\t<a   href=\"https:\/\/www.yekoop.com.tr\/index.php\/sut-alimi-ve-toplama-hizmeti\/\">\r\n\t\t\t\t\t\t\t\t\t\t\t<i aria-hidden=\"true\" class=\"  icon-right-arrow\"><\/i>\t\t\t\t\t\t\t\t\t\t\tDevam\u0131n\u0131 Oku\t\t\t\t\t\t\t\t\t\t<\/a>\r\n\t\t\t\t\t\t\t\t\t<\/div>\r\n\t\t\t\t\t\t\t\t<\/div>\r\n\t\t\t\t\t\t\t<\/div>\r\n\t\t\t\t\t\t<\/div>\r\n\t\t\t\t\t\t<!--Services Two Single End-->\r\n\t\t\t\t\t\t\t\t\t\t\t<!--Services Two Single Start-->\r\n\t\t\t\t\t\t<div class=\"col-xl-4 col-lg-4 wow fadeInUp\" data-wow-delay=\"100ms\">\r\n\t\t\t\t\t\t\t<div class=\"services-two__single\">\r\n\t\t\t\t\t\t\t\t<div class=\"services-two__img\">\r\n\t\t\t\t\t\t\t\t\t<img decoding=\"async\" src=\"https:\/\/www.yekoop.com.tr\/wp-content\/uploads\/2023\/01\/project-one-5.jpg\" alt=\"alt\" title=\"project-one-5\" >\t\t\t\t\t\t\t\t<\/div>\r\n\t\t\t\t\t\t\t\t<div class=\"services-two__content\">\r\n\t\t\t\t\t\t\t\t\t<div class=\"services-two__icon icon-svg-large\">\r\n\t\t\t\t\t\t\t\t\t\t<span aria-hidden=\"true\" class=\"  icon-dairy-products\"><\/span>\t\t\t\t\t\t\t\t\t<\/div>\r\n\t\t\t\t\t\t\t\t\t<div class=\"services-two__more-details\">\r\n\t\t\t\t\t\t\t\t\t\t<a   href=\"https:\/\/www.yekoop.com.tr\/index.php\/tarimsal-urun-ve-yem-tedariki\/\">\r\n\t\t\t\t\t\t\t\t\t\t\t<i aria-hidden=\"true\" class=\"  icon-right-arrow\"><\/i>\t\t\t\t\t\t\t\t\t\t\tDevam\u0131n\u0131 Oku\t\t\t\t\t\t\t\t\t\t<\/a>\r\n\t\t\t\t\t\t\t\t\t<\/div>\r\n\t\t\t\t\t\t\t\t<\/div>\r\n\t\t\t\t\t\t\t\t<div class=\"services-two__title-box\">\r\n\t\t\t\t\t\t\t\t\t\t\t\t\t\t\t\t\t\t<h3 class=\"services-two__title\">\r\n\t\t\t\t\t\t\t\t\t\t<a class=\"  \" href=\"https:\/\/www.yekoop.com.tr\/index.php\/tarimsal-urun-ve-yem-tedariki\/\"  >Tar\u0131msal \u00dcr\u00fcn ve Yem Tedariki<\/a>\t\t\t\t\t\t\t\t\t<\/h3>\r\n\t\t\t\t\t\t\t\t<\/div>\r\n\t\t\t\t\t\t\t\t<div class=\"services-two__hover-content\">\r\n\t\t\t\t\t\t\t\t\t\t\t\t\t\t\t\t\t\t<h3 class=\"services-two__hover-title\">\r\n\t\t\t\t\t\t\t\t\t\t<a class=\"   \" href=\"https:\/\/www.yekoop.com.tr\/index.php\/tarimsal-urun-ve-yem-tedariki\/\"  >Tar\u0131msal \u00dcr\u00fcn ve Yem Tedariki<\/a>\t\t\t\t\t\t\t\t\t<\/h3>\r\n\t\t\t\t\t\t\t\t\t\t\t\t\t\t\t\t\t\t<div class=\"services-two__hover-more-details\">\r\n\t\t\t\t\t\t\t\t\t\t<a   href=\"https:\/\/www.yekoop.com.tr\/index.php\/tarimsal-urun-ve-yem-tedariki\/\">\r\n\t\t\t\t\t\t\t\t\t\t\t<i aria-hidden=\"true\" class=\"  icon-right-arrow\"><\/i>\t\t\t\t\t\t\t\t\t\t\tDevam\u0131n\u0131 Oku\t\t\t\t\t\t\t\t\t\t<\/a>\r\n\t\t\t\t\t\t\t\t\t<\/div>\r\n\t\t\t\t\t\t\t\t<\/div>\r\n\t\t\t\t\t\t\t<\/div>\r\n\t\t\t\t\t\t<\/div>\r\n\t\t\t\t\t\t<!--Services Two Single End-->\r\n\t\t\t\t\t\t\t\t\t\t\t\t<\/div>\r\n\t\t<\/div>\r\n\t<\/section>\r\n\t<!--Services Two End-->\r\n\t\t\t\t<\/div>\n\t\t\t\t<\/div>\n\t\t\t\t\t<\/div>\n\t\t<\/div>\n\t\t\t\t\t<\/div>\n\t\t<\/section>\n\t\t\t\t<\/div>\n\t\t","protected":false},"excerpt":{"rendered":"<p>Devam\u0131n\u0131 Oku S\u00fct Al\u0131m\u0131 ve Toplama Hizmeti S\u00fct Al\u0131m\u0131 ve Toplama Hizmeti Devam\u0131n\u0131 Oku Devam\u0131n\u0131 Oku Tar\u0131msal \u00dcr\u00fcn ve Yem Tedariki Tar\u0131msal \u00dcr\u00fcn ve Yem Tedariki Devam\u0131n\u0131 Oku<\/p>\n","protected":false},"author":1,"featured_media":0,"parent":0,"menu_order":0,"comment_status":"closed","ping_status":"closed","template":"elementor_header_footer","meta":{"footnotes":""},"class_list":["post-71","page","type-page","status-publish","hentry"],"_links":{"self":[{"href":"https:\/\/www.yekoop.com.tr\/index.php\/wp-json\/wp\/v2\/pages\/71","targetHints":{"allow":["GET"]}}],"collection":[{"href":"https:\/\/www.yekoop.com.tr\/index.php\/wp-json\/wp\/v2\/pages"}],"about":[{"href":"https:\/\/www.yekoop.com.tr\/index.php\/wp-json\/wp\/v2\/types\/page"}],"author":[{"embeddable":true,"href":"https:\/\/www.yekoop.com.tr\/index.php\/wp-json\/wp\/v2\/users\/1"}],"replies":[{"embeddable":true,"href":"https:\/\/www.yekoop.com.tr\/index.php\/wp-json\/wp\/v2\/comments?post=71"}],"version-history":[{"count":11,"href":"https:\/\/www.yekoop.com.tr\/index.php\/wp-json\/wp\/v2\/pages\/71\/revisions"}],"predecessor-version":[{"id":1565,"href":"https:\/\/www.yekoop.com.tr\/index.php\/wp-json\/wp\/v2\/pages\/71\/revisions\/1565"}],"wp:attachment":[{"href":"https:\/\/www.yekoop.com.tr\/index.php\/wp-json\/wp\/v2\/media?parent=71"}],"curies":[{"name":"wp","href":"https:\/\/api.w.org\/{rel}","templated":true}]}}