{"id":1533,"date":"2026-04-02T12:56:06","date_gmt":"2026-04-02T12:56:06","guid":{"rendered":"https:\/\/www.yekoop.com.tr\/?page_id=1533"},"modified":"2026-04-02T12:56:59","modified_gmt":"2026-04-02T12:56:59","slug":"denetim-kurulu","status":"publish","type":"page","link":"https:\/\/www.yekoop.com.tr\/index.php\/denetim-kurulu\/","title":{"rendered":"Denetim Kurulu"},"content":{"rendered":"\t\t<div data-elementor-type=\"wp-page\" data-elementor-id=\"1533\" class=\"elementor elementor-1533\" data-elementor-post-type=\"page\">\n\t\t\t\t<div class=\"elementor-element elementor-element-82450d5 e-flex e-con-boxed e-con e-parent\" data-id=\"82450d5\" data-element_type=\"container\" data-e-type=\"container\">\n\t\t\t\t\t<div class=\"e-con-inner\">\n\t\t\t\t<div class=\"elementor-element elementor-element-224f8c3 elementor-widget elementor-widget-image\" data-id=\"224f8c3\" data-element_type=\"widget\" data-e-type=\"widget\" data-widget_type=\"image.default\">\n\t\t\t\t\t\t\t\t\t\t\t\t\t\t\t<img decoding=\"async\" width=\"150\" height=\"150\" src=\"https:\/\/www.yekoop.com.tr\/wp-content\/uploads\/2023\/01\/cropped-cropped-yekooplogo-scaled-1-150x150.png\" class=\"attachment-thumbnail size-thumbnail wp-image-1392\" alt=\"\" srcset=\"https:\/\/www.yekoop.com.tr\/wp-content\/uploads\/2023\/01\/cropped-cropped-yekooplogo-scaled-1-150x150.png 150w, https:\/\/www.yekoop.com.tr\/wp-content\/uploads\/2023\/01\/cropped-cropped-yekooplogo-scaled-1-300x300.png 300w, https:\/\/www.yekoop.com.tr\/wp-content\/uploads\/2023\/01\/cropped-cropped-yekooplogo-scaled-1-70x70.png 70w, https:\/\/www.yekoop.com.tr\/wp-content\/uploads\/2023\/01\/cropped-cropped-yekooplogo-scaled-1-270x270.png 270w, https:\/\/www.yekoop.com.tr\/wp-content\/uploads\/2023\/01\/cropped-cropped-yekooplogo-scaled-1-100x100.png 100w, https:\/\/www.yekoop.com.tr\/wp-content\/uploads\/2023\/01\/cropped-cropped-yekooplogo-scaled-1-460x460.png 460w, https:\/\/www.yekoop.com.tr\/wp-content\/uploads\/2023\/01\/cropped-cropped-yekooplogo-scaled-1-192x192.png 192w, https:\/\/www.yekoop.com.tr\/wp-content\/uploads\/2023\/01\/cropped-cropped-yekooplogo-scaled-1-180x180.png 180w, https:\/\/www.yekoop.com.tr\/wp-content\/uploads\/2023\/01\/cropped-cropped-yekooplogo-scaled-1-32x32.png 32w, https:\/\/www.yekoop.com.tr\/wp-content\/uploads\/2023\/01\/cropped-cropped-yekooplogo-scaled-1.png 512w\" sizes=\"(max-width: 150px) 100vw, 150px\" \/>\t\t\t\t\t\t\t\t\t\t\t\t\t\t\t<\/div>\n\t\t\t\t<div class=\"elementor-element elementor-element-e163e0d elementor-widget elementor-widget-agrion-team\" data-id=\"e163e0d\" data-element_type=\"widget\" data-e-type=\"widget\" data-widget_type=\"agrion-team.default\">\n\t\t\t\t<div class=\"elementor-widget-container\">\n\t\t\t\t\t\r\n\t<!--Team One Start-->\r\n\t<section class=\"team-one\">\r\n\t\t<div class=\"container\">\r\n\t\t\t<div class=\"section-title text-center\">\r\n\t\t\t\t<span class=\"section-title__tagline\">S.S. Yenipazar Tar\u0131msal Kalk\u0131nma Kooperatifi\u200b<\/span><h2 class=\"section-title__title\">Denetim Kurulu<\/h2>\t\t\t\t<div class=\"section-title__icon\">\r\n\t\t\t\t\t<img decoding=\"async\" src=\"https:\/\/www.yekoop.com.tr\/wp-content\/uploads\/2023\/01\/section-title-icon-1.png\" alt=\"alt\" title=\"section-title-icon-1\" >\t\t\t\t<\/div>\r\n\t\t\t<\/div>\r\n\t\t\t<div class=\"row\">\r\n\t\t\t\t\t\t\t\t\t<!--Team One Single Start-->\r\n\t\t\t\t\t<div class=\"col-xl-4 col-lg-4 wow fadeInUp\" data-wow-delay=\"100ms\">\r\n\t\t\t\t\t\t<div class=\"team-one__single\">\r\n\t\t\t\t\t\t\t<div class=\"team-one__shape-1\">\r\n\t\t\t\t\t\t\t\t<img decoding=\"async\" src=\"https:\/\/www.yekoop.com.tr\/wp-content\/uploads\/2023\/01\/team-one-shape-1.png\" alt=\"alt\" title=\"team-one-shape-1\" >\t\t\t\t\t\t\t<\/div>\r\n\t\t\t\t\t\t\t<div class=\"team-one__img-box\">\r\n\t\t\t\t\t\t\t\t<div class=\"team-one__img\">\r\n\t\t\t\t\t\t\t\t\t<img decoding=\"async\" src=\"https:\/\/www.yekoop.com.tr\/wp-content\/uploads\/2023\/01\/cropped-cropped-yekooplogo-scaled-1.png\" alt=\"yekooplogo\" title=\"yekooplogo\" >\t\t\t\t\t\t\t\t\t<ul class=\"list-unstyled team-one__social\">\r\n\t\t\t\t\t\t\t\t\t\t\t\t\t\t\t\t\t\t\t<\/ul>\r\n\t\t\t\t\t\t\t\t\t<div class=\"team-one__icon\">\r\n\t\t\t\t\t\t\t\t\t\t<a href=\"#\"><i class=\"fas fa-share-alt\"><\/i><\/a>\r\n\t\t\t\t\t\t\t\t\t<\/div>\r\n\t\t\t\t\t\t\t\t<\/div>\r\n\t\t\t\t\t\t\t<\/div>\r\n\t\t\t\t\t\t\t<div class=\"team-one__content\">\r\n\t\t\t\t\t\t\t\t<h3 class=\"team-one__title\">\r\n\t\t\t\t\t\t\t\t\t<a class=\"\" href=\"\"  >DURMU\u015e KAYA<\/a>\t\t\t\t\t\t\t\t<\/h3>\r\n\t\t\t\t\t\t\t\t<p class=\"team-one__subtitle\">Y\u00f6netim Kurulu Ba\u015fkan\u0131<\/p>\t\t\t\t\t\t\t<\/div>\r\n\t\t\t\t\t\t<\/div>\r\n\t\t\t\t\t<\/div>\r\n\t\t\t\t\t<!--Team One Single End-->\r\n\t\t\t\t\t\t\t\t\t<!--Team One Single Start-->\r\n\t\t\t\t\t<div class=\"col-xl-4 col-lg-4 wow fadeInUp\" data-wow-delay=\"200ms\">\r\n\t\t\t\t\t\t<div class=\"team-one__single\">\r\n\t\t\t\t\t\t\t<div class=\"team-one__shape-1\">\r\n\t\t\t\t\t\t\t\t<img decoding=\"async\" src=\"https:\/\/www.yekoop.com.tr\/wp-content\/uploads\/2023\/01\/team-one-shape-1.png\" alt=\"alt\" title=\"team-one-shape-1\" >\t\t\t\t\t\t\t<\/div>\r\n\t\t\t\t\t\t\t<div class=\"team-one__img-box\">\r\n\t\t\t\t\t\t\t\t<div class=\"team-one__img\">\r\n\t\t\t\t\t\t\t\t\t<img decoding=\"async\" src=\"https:\/\/www.yekoop.com.tr\/wp-content\/uploads\/2023\/01\/cropped-cropped-yekooplogo-scaled-1.png\" alt=\"yekooplogo\" title=\"yekooplogo\" >\t\t\t\t\t\t\t\t\t<ul class=\"list-unstyled team-one__social\">\r\n\t\t\t\t\t\t\t\t\t\t\t\t\t\t\t\t\t\t\t<\/ul>\r\n\t\t\t\t\t\t\t\t\t<div class=\"team-one__icon\">\r\n\t\t\t\t\t\t\t\t\t\t<a href=\"#\"><i class=\"fas fa-share-alt\"><\/i><\/a>\r\n\t\t\t\t\t\t\t\t\t<\/div>\r\n\t\t\t\t\t\t\t\t<\/div>\r\n\t\t\t\t\t\t\t<\/div>\r\n\t\t\t\t\t\t\t<div class=\"team-one__content\">\r\n\t\t\t\t\t\t\t\t<h3 class=\"team-one__title\">\r\n\t\t\t\t\t\t\t\t\t<a class=\" \" href=\"\"  >MET\u0130N YILMAZ<\/a>\t\t\t\t\t\t\t\t<\/h3>\r\n\t\t\t\t\t\t\t\t<p class=\"team-one__subtitle team-one__subtitle\">Y\u00f6netim Kurulu Ba\u015fkan Yard\u0131mc\u0131s\u0131<\/p>\t\t\t\t\t\t\t<\/div>\r\n\t\t\t\t\t\t<\/div>\r\n\t\t\t\t\t<\/div>\r\n\t\t\t\t\t<!--Team One Single End-->\r\n\t\t\t\t\t\t\t\t\t<!--Team One Single Start-->\r\n\t\t\t\t\t<div class=\"col-xl-4 col-lg-4 wow fadeInUp\" data-wow-delay=\"300ms\">\r\n\t\t\t\t\t\t<div class=\"team-one__single\">\r\n\t\t\t\t\t\t\t<div class=\"team-one__shape-1\">\r\n\t\t\t\t\t\t\t\t<img decoding=\"async\" src=\"https:\/\/www.yekoop.com.tr\/wp-content\/uploads\/2023\/01\/team-one-shape-1.png\" alt=\"alt\" title=\"team-one-shape-1\" >\t\t\t\t\t\t\t<\/div>\r\n\t\t\t\t\t\t\t<div class=\"team-one__img-box\">\r\n\t\t\t\t\t\t\t\t<div class=\"team-one__img\">\r\n\t\t\t\t\t\t\t\t\t<img decoding=\"async\" src=\"https:\/\/www.yekoop.com.tr\/wp-content\/uploads\/2023\/01\/cropped-cropped-yekooplogo-scaled-1.png\" alt=\"yekooplogo\" title=\"yekooplogo\" >\t\t\t\t\t\t\t\t\t<ul class=\"list-unstyled team-one__social\">\r\n\t\t\t\t\t\t\t\t\t\t\t\t\t\t\t\t\t\t\t<\/ul>\r\n\t\t\t\t\t\t\t\t\t<div class=\"team-one__icon\">\r\n\t\t\t\t\t\t\t\t\t\t<a href=\"#\"><i class=\"fas fa-share-alt\"><\/i><\/a>\r\n\t\t\t\t\t\t\t\t\t<\/div>\r\n\t\t\t\t\t\t\t\t<\/div>\r\n\t\t\t\t\t\t\t<\/div>\r\n\t\t\t\t\t\t\t<div class=\"team-one__content\">\r\n\t\t\t\t\t\t\t\t<h3 class=\"team-one__title\">\r\n\t\t\t\t\t\t\t\t\t<a class=\"  \" href=\"\"  >\u00c7ET\u0130N UYSAL<\/a>\t\t\t\t\t\t\t\t<\/h3>\r\n\t\t\t\t\t\t\t\t<p class=\"team-one__subtitle team-one__subtitle team-one__subtitle\">\u00dcye<\/p>\t\t\t\t\t\t\t<\/div>\r\n\t\t\t\t\t\t<\/div>\r\n\t\t\t\t\t<\/div>\r\n\t\t\t\t\t<!--Team One Single End-->\r\n\t\t\t\t\t\t\t\t\t<!--Team One Single Start-->\r\n\t\t\t\t\t<div class=\"col-xl-4 col-lg-4 wow fadeInUp\" data-wow-delay=\"400ms\">\r\n\t\t\t\t\t\t<div class=\"team-one__single\">\r\n\t\t\t\t\t\t\t<div class=\"team-one__shape-1\">\r\n\t\t\t\t\t\t\t\t<img decoding=\"async\" src=\"https:\/\/www.yekoop.com.tr\/wp-content\/uploads\/2023\/01\/team-one-shape-1.png\" alt=\"alt\" title=\"team-one-shape-1\" >\t\t\t\t\t\t\t<\/div>\r\n\t\t\t\t\t\t\t<div class=\"team-one__img-box\">\r\n\t\t\t\t\t\t\t\t<div class=\"team-one__img\">\r\n\t\t\t\t\t\t\t\t\t<img decoding=\"async\" src=\"https:\/\/www.yekoop.com.tr\/wp-content\/uploads\/2023\/01\/cropped-cropped-yekooplogo-scaled-1.png\" alt=\"yekooplogo\" title=\"yekooplogo\" >\t\t\t\t\t\t\t\t\t<ul class=\"list-unstyled team-one__social\">\r\n\t\t\t\t\t\t\t\t\t\t\t\t\t\t\t\t\t\t\t<\/ul>\r\n\t\t\t\t\t\t\t\t\t<div class=\"team-one__icon\">\r\n\t\t\t\t\t\t\t\t\t\t<a href=\"#\"><i class=\"fas fa-share-alt\"><\/i><\/a>\r\n\t\t\t\t\t\t\t\t\t<\/div>\r\n\t\t\t\t\t\t\t\t<\/div>\r\n\t\t\t\t\t\t\t<\/div>\r\n\t\t\t\t\t\t\t<div class=\"team-one__content\">\r\n\t\t\t\t\t\t\t\t<h3 class=\"team-one__title\">\r\n\t\t\t\t\t\t\t\t\t<a class=\"   \" href=\"\"  >DURMU\u015e AL\u0130 E\u011eE<\/a>\t\t\t\t\t\t\t\t<\/h3>\r\n\t\t\t\t\t\t\t\t<p class=\"team-one__subtitle team-one__subtitle team-one__subtitle team-one__subtitle\">Yedek \u00dcye<\/p>\t\t\t\t\t\t\t<\/div>\r\n\t\t\t\t\t\t<\/div>\r\n\t\t\t\t\t<\/div>\r\n\t\t\t\t\t<!--Team One Single End-->\r\n\t\t\t\t\t\t\t\t\t<!--Team One Single Start-->\r\n\t\t\t\t\t<div class=\"col-xl-4 col-lg-4 wow fadeInUp\" data-wow-delay=\"500ms\">\r\n\t\t\t\t\t\t<div class=\"team-one__single\">\r\n\t\t\t\t\t\t\t<div class=\"team-one__shape-1\">\r\n\t\t\t\t\t\t\t\t<img decoding=\"async\" src=\"https:\/\/www.yekoop.com.tr\/wp-content\/uploads\/2023\/01\/team-one-shape-1.png\" alt=\"alt\" title=\"team-one-shape-1\" >\t\t\t\t\t\t\t<\/div>\r\n\t\t\t\t\t\t\t<div class=\"team-one__img-box\">\r\n\t\t\t\t\t\t\t\t<div class=\"team-one__img\">\r\n\t\t\t\t\t\t\t\t\t<img decoding=\"async\" src=\"https:\/\/www.yekoop.com.tr\/wp-content\/uploads\/2023\/01\/cropped-cropped-yekooplogo-scaled-1.png\" alt=\"yekooplogo\" title=\"yekooplogo\" >\t\t\t\t\t\t\t\t\t<ul class=\"list-unstyled team-one__social\">\r\n\t\t\t\t\t\t\t\t\t\t\t\t\t\t\t\t\t\t\t<\/ul>\r\n\t\t\t\t\t\t\t\t\t<div class=\"team-one__icon\">\r\n\t\t\t\t\t\t\t\t\t\t<a href=\"#\"><i class=\"fas fa-share-alt\"><\/i><\/a>\r\n\t\t\t\t\t\t\t\t\t<\/div>\r\n\t\t\t\t\t\t\t\t<\/div>\r\n\t\t\t\t\t\t\t<\/div>\r\n\t\t\t\t\t\t\t<div class=\"team-one__content\">\r\n\t\t\t\t\t\t\t\t<h3 class=\"team-one__title\">\r\n\t\t\t\t\t\t\t\t\t<a class=\"    \" href=\"\"  >MUSTAFA ERAYDIN<\/a>\t\t\t\t\t\t\t\t<\/h3>\r\n\t\t\t\t\t\t\t\t<p class=\"team-one__subtitle team-one__subtitle team-one__subtitle team-one__subtitle team-one__subtitle\">Yedek \u00dcye<\/p>\t\t\t\t\t\t\t<\/div>\r\n\t\t\t\t\t\t<\/div>\r\n\t\t\t\t\t<\/div>\r\n\t\t\t\t\t<!--Team One Single End-->\r\n\t\t\t\t\t\t\t\t\t<!--Team One Single Start-->\r\n\t\t\t\t\t<div class=\"col-xl-4 col-lg-4 wow fadeInUp\" data-wow-delay=\"600ms\">\r\n\t\t\t\t\t\t<div class=\"team-one__single\">\r\n\t\t\t\t\t\t\t<div class=\"team-one__shape-1\">\r\n\t\t\t\t\t\t\t\t<img decoding=\"async\" src=\"https:\/\/www.yekoop.com.tr\/wp-content\/uploads\/2023\/01\/team-one-shape-1.png\" alt=\"alt\" title=\"team-one-shape-1\" >\t\t\t\t\t\t\t<\/div>\r\n\t\t\t\t\t\t\t<div class=\"team-one__img-box\">\r\n\t\t\t\t\t\t\t\t<div class=\"team-one__img\">\r\n\t\t\t\t\t\t\t\t\t<img decoding=\"async\" src=\"https:\/\/www.yekoop.com.tr\/wp-content\/uploads\/2023\/01\/cropped-cropped-yekooplogo-scaled-1.png\" alt=\"yekooplogo\" title=\"yekooplogo\" >\t\t\t\t\t\t\t\t\t<ul class=\"list-unstyled team-one__social\">\r\n\t\t\t\t\t\t\t\t\t\t\t\t\t\t\t\t\t\t\t<\/ul>\r\n\t\t\t\t\t\t\t\t\t<div class=\"team-one__icon\">\r\n\t\t\t\t\t\t\t\t\t\t<a href=\"#\"><i class=\"fas fa-share-alt\"><\/i><\/a>\r\n\t\t\t\t\t\t\t\t\t<\/div>\r\n\t\t\t\t\t\t\t\t<\/div>\r\n\t\t\t\t\t\t\t<\/div>\r\n\t\t\t\t\t\t\t<div class=\"team-one__content\">\r\n\t\t\t\t\t\t\t\t<h3 class=\"team-one__title\">\r\n\t\t\t\t\t\t\t\t\t<a class=\"     \" href=\"\"  >F\u0130KRET YA\u011eCI<\/a>\t\t\t\t\t\t\t\t<\/h3>\r\n\t\t\t\t\t\t\t\t<p class=\"team-one__subtitle team-one__subtitle team-one__subtitle team-one__subtitle team-one__subtitle team-one__subtitle\">Yedek \u00dcye<\/p>\t\t\t\t\t\t\t<\/div>\r\n\t\t\t\t\t\t<\/div>\r\n\t\t\t\t\t<\/div>\r\n\t\t\t\t\t<!--Team One Single End-->\r\n\t\t\t\t\t\t\t<\/div>\r\n\t\t<\/div>\r\n\t<\/section>\r\n\t<!--Team One End-->\r\n\r\n\t\t\t\t<\/div>\n\t\t\t\t<\/div>\n\t\t\t\t\t<\/div>\n\t\t\t\t<\/div>\n\t\t\t\t<\/div>\n\t\t","protected":false},"excerpt":{"rendered":"<p>S.S. Yenipazar Tar\u0131msal Kalk\u0131nma Kooperatifi\u200b Denetim Kurulu DURMU\u015e KAYA Y\u00f6netim Kurulu Ba\u015fkan\u0131 MET\u0130N YILMAZ Y\u00f6netim Kurulu Ba\u015fkan Yard\u0131mc\u0131s\u0131 \u00c7ET\u0130N UYSAL \u00dcye DURMU\u015e AL\u0130 E\u011eE Yedek \u00dcye MUSTAFA ERAYDIN Yedek \u00dcye F\u0130KRET YA\u011eCI Yedek \u00dcye<\/p>\n","protected":false},"author":1,"featured_media":0,"parent":0,"menu_order":0,"comment_status":"closed","ping_status":"closed","template":"elementor_header_footer","meta":{"footnotes":""},"class_list":["post-1533","page","type-page","status-publish","hentry"],"_links":{"self":[{"href":"https:\/\/www.yekoop.com.tr\/index.php\/wp-json\/wp\/v2\/pages\/1533","targetHints":{"allow":["GET"]}}],"collection":[{"href":"https:\/\/www.yekoop.com.tr\/index.php\/wp-json\/wp\/v2\/pages"}],"about":[{"href":"https:\/\/www.yekoop.com.tr\/index.php\/wp-json\/wp\/v2\/types\/page"}],"author":[{"embeddable":true,"href":"https:\/\/www.yekoop.com.tr\/index.php\/wp-json\/wp\/v2\/users\/1"}],"replies":[{"embeddable":true,"href":"https:\/\/www.yekoop.com.tr\/index.php\/wp-json\/wp\/v2\/comments?post=1533"}],"version-history":[{"count":4,"href":"https:\/\/www.yekoop.com.tr\/index.php\/wp-json\/wp\/v2\/pages\/1533\/revisions"}],"predecessor-version":[{"id":1542,"href":"https:\/\/www.yekoop.com.tr\/index.php\/wp-json\/wp\/v2\/pages\/1533\/revisions\/1542"}],"wp:attachment":[{"href":"https:\/\/www.yekoop.com.tr\/index.php\/wp-json\/wp\/v2\/media?parent=1533"}],"curies":[{"name":"wp","href":"https:\/\/api.w.org\/{rel}","templated":true}]}}