{"id":1438,"date":"2023-01-23T07:38:08","date_gmt":"2023-01-23T07:38:08","guid":{"rendered":"https:\/\/www.yekoop.com.tr\/?page_id=1438"},"modified":"2026-01-05T18:40:51","modified_gmt":"2026-01-05T18:40:51","slug":"tarimsal-urun-ve-yem-tedariki","status":"publish","type":"page","link":"https:\/\/www.yekoop.com.tr\/index.php\/tarimsal-urun-ve-yem-tedariki\/","title":{"rendered":"Tar\u0131msal \u00dcr\u00fcn ve Yem Tedariki"},"content":{"rendered":"\t\t<div data-elementor-type=\"wp-page\" data-elementor-id=\"1438\" class=\"elementor elementor-1438\" data-elementor-post-type=\"page\">\n\t\t\t\t\t\t<section class=\"elementor-section elementor-top-section elementor-element elementor-element-3677c20 service-details elementor-section-boxed elementor-section-height-default elementor-section-height-default\" data-id=\"3677c20\" data-element_type=\"section\" data-e-type=\"section\">\n\t\t\t\t\t\t<div class=\"elementor-container elementor-column-gap-default\">\n\t\t\t\t\t<div class=\"elementor-column elementor-col-33 elementor-top-column elementor-element elementor-element-f84d67c\" data-id=\"f84d67c\" data-element_type=\"column\" data-e-type=\"column\">\n\t\t\t<div class=\"elementor-widget-wrap elementor-element-populated\">\n\t\t\t\t\t\t<div class=\"elementor-element elementor-element-7828f56 elementor-widget elementor-widget-agrion-sidebar\" data-id=\"7828f56\" data-element_type=\"widget\" data-e-type=\"widget\" data-widget_type=\"agrion-sidebar.default\">\n\t\t\t\t<div class=\"elementor-widget-container\">\n\t\t\t\t\t\t<div class=\"sidebar__single sidebar__category sidebar__service\">\r\n\t\t<h3 class=\"sidebar__title\">Hizmetler<\/h3>\t\t\t\t\t<ul id=\"menu-services\" class=\"sidebar__category-list list-unstyled clearfix ml-0\"><li id=\"menu-item-767\" class=\"menu-item menu-item-type-post_type menu-item-object-page menu-item-767\"><a href=\"https:\/\/www.yekoop.com.tr\/index.php\/sut-alimi-ve-toplama-hizmeti\/\"><span class=\"icon-right-arrow\"><\/span>S\u00fct Al\u0131m\u0131 ve Toplama Hizmeti<\/a><\/li>\n<li id=\"menu-item-1454\" class=\"menu-item menu-item-type-post_type menu-item-object-page menu-item-1454\"><a href=\"https:\/\/www.yekoop.com.tr\/index.php\/tarimsal-urun-ve-yem-tedariki\/\"><span class=\"icon-right-arrow\"><\/span>Tar\u0131msal \u00dcr\u00fcn ve Yem Tedariki<\/a><\/li>\n<\/ul>\t\t\t<\/div>\r\n\t\t\t\t<\/div>\n\t\t\t\t<\/div>\n\t\t\t\t<div class=\"elementor-element elementor-element-b9b8307 elementor-widget elementor-widget-agrion-sidebar\" data-id=\"b9b8307\" data-element_type=\"widget\" data-e-type=\"widget\" data-widget_type=\"agrion-sidebar.default\">\n\t\t\t\t<div class=\"elementor-widget-container\">\n\t\t\t\t\t\t<div class=\"services-details__need-help\">\r\n\t\t<div class=\"services-details__need-help-bg\" style=\"\r\n                      background-image: url(http:\/\/bracketweb.com\/agrionwp\/wp-content\/uploads\/2023\/02\/services-details-need-help-bg.jpg);\r\n                    \"><\/div>\r\n\r\n\t\t<h3 class=\"services-details__need-help-title\">Bize Ula\u015f\u0131n<\/h3>\t\t<div class=\"services-details__need-help-icon\">\r\n\t\t\t<span aria-hidden=\"true\" class=\"  icon-phone-ringing\"><\/span>\t\t<\/div>\r\n\t\t<div class=\"services-details__need-help-contact\">\r\n\t\t\t<p class=\"\">S.S. Yenipazar Tar\u0131msal Kalk\u0131nma Kooperatifi<\/p>\t\t\t\t\t<\/div>\r\n\t<\/div>\r\n\t\t\t\t<\/div>\n\t\t\t\t<\/div>\n\t\t\t\t\t<\/div>\n\t\t<\/div>\n\t\t\t\t<div class=\"elementor-column elementor-col-66 elementor-top-column elementor-element elementor-element-b70b88e\" data-id=\"b70b88e\" data-element_type=\"column\" data-e-type=\"column\">\n\t\t\t<div class=\"elementor-widget-wrap elementor-element-populated\">\n\t\t\t\t\t\t<div class=\"elementor-element elementor-element-d66cbbb elementor-widget elementor-widget-agrion-service-details\" data-id=\"d66cbbb\" data-element_type=\"widget\" data-e-type=\"widget\" data-widget_type=\"agrion-service-details.default\">\n\t\t\t\t<div class=\"elementor-widget-container\">\n\t\t\t\t\t\r\n\t<div class=\"services-details__img\">\r\n\t\t<img decoding=\"async\" src=\"https:\/\/www.yekoop.com.tr\/wp-content\/uploads\/2026\/01\/istockphoto-1414600194-612x612-1.jpg\" alt=\"Young female farmer pouring raw milk into container while squatting in rural field\" title=\"istockphoto-1414600194-612&#215;612\" >\t\t<div class=\"services-details__img-icon icon-svg-large\">\r\n\t\t\t<span aria-hidden=\"true\" class=\"  icon-organic-food\"><\/span>\t\t<\/div>\r\n\t<\/div>\r\n\t\t\t\t<\/div>\n\t\t\t\t<\/div>\n\t\t\t\t<div class=\"elementor-element elementor-element-c2ba4b4 elementor-widget elementor-widget-heading\" data-id=\"c2ba4b4\" data-element_type=\"widget\" data-e-type=\"widget\" data-widget_type=\"heading.default\">\n\t\t\t\t\t<h2 class=\"elementor-heading-title elementor-size-default\"><div data-id=\"3b98bd2c\" data-element_type=\"widget\" data-widget_type=\"heading.default\" style=\"align-self: auto;flex: 0 1 auto;align-items: normal;flex-flow: row;gap: normal;--widgets-spacing: 20px 20px;--widgets-spacing-row: 20px;--widgets-spacing-column: 20px;width: 729.922px;margin-block-end: 0px;--kit-widget-spacing: 0px;padding: 30px 0px 21px;font-family: Manrope, sans-serif;font-size: 16px;font-weight: 500\"><h2 style=\"font-weight: 800;line-height: 46px;font-size: 36px;font-family: Roboto, sans-serif;letter-spacing: -1.44px\"><div data-id=\"3b98bd2c\" data-element_type=\"widget\" data-widget_type=\"heading.default\" style=\"align-self: auto;flex: 0 1 auto;align-items: normal;flex-flow: row;gap: normal;--widgets-spacing: 20px 20px;--widgets-spacing-row: 20px;--widgets-spacing-column: 20px;width: 729.922px;margin-block-end: 0px;--kit-widget-spacing: 0px;padding: 30px 0px 21px;font-family: Manrope, sans-serif;font-size: 16px;font-weight: 500;letter-spacing: normal\"><h2 style=\"font-weight: 800;line-height: 46px;font-size: 36px;font-family: Roboto, sans-serif;letter-spacing: -1.44px\">Tar\u0131msal \u00dcr\u00fcn ve Yem Tedariki<span style=\"font-size: 2rem\"><\/span><\/h2><\/div><\/h2><\/div><\/h2>\t\t\t\t<\/div>\n\t\t\t\t<div class=\"elementor-element elementor-element-2fae147 elementor-widget elementor-widget-text-editor\" data-id=\"2fae147\" data-element_type=\"widget\" data-e-type=\"widget\" data-widget_type=\"text-editor.default\">\n\t\t\t\t\t\t\t\t\t<p data-start=\"1415\" data-end=\"1762\">Kooperatifimiz, hayvanc\u0131l\u0131kla u\u011fra\u015fan \u00fcreticilerimize kaliteli ve g\u00fcvenilir yem tedari\u011fi sunmaktad\u0131r. B\u00f6lge ko\u015fullar\u0131na uygun olarak se\u00e7ilen ot basma, besi yemi, s\u00fct yemi, arpa ve m\u0131s\u0131r gibi \u00fcr\u00fcnler hem hayvanlar\u0131n sa\u011fl\u0131kl\u0131 geli\u015fimini destekler hem de \u00fcreticilerin verimini art\u0131r\u0131r.<br data-start=\"560\" data-end=\"563\" \/>\u00dcr\u00fcnlerimizin t\u00fcm\u00fc d\u00fczenli olarak tedarik edilmekte olup, \u00fcreticinin ihtiyac\u0131na g\u00f6re b\u00fcy\u00fck ve k\u00fc\u00e7\u00fck \u00f6l\u00e7ekli teslimatlar yap\u0131labilmektedir. Sa\u011fl\u0131kl\u0131 hayvanc\u0131l\u0131k i\u00e7in gerekli besin de\u011ferlerini bar\u0131nd\u0131ran yem \u00e7e\u015fitlerimiz, uygun fiyat politikas\u0131 ile \u00e7ift\u00e7imizin yan\u0131ndad\u0131r.<\/p>\t\t\t\t\t\t\t\t<\/div>\n\t\t\t\t\t<\/div>\n\t\t<\/div>\n\t\t\t\t\t<\/div>\n\t\t<\/section>\n\t\t\t\t<\/div>\n\t\t","protected":false},"excerpt":{"rendered":"<p>Hizmetler S\u00fct Al\u0131m\u0131 ve Toplama Hizmeti #821 (ba\u015fl\u0131k yok) #816 (ba\u015fl\u0131k yok) Organic Products Bize Ula\u015f\u0131n S.S. Yenipazar Tar\u0131msal Kalk\u0131nma Kooperatifi Tar\u0131msal \u00dcr\u00fcn ve Yem Tedariki Kooperatifimiz, hayvanc\u0131l\u0131kla u\u011fra\u015fan \u00fcreticilerimize kaliteli ve g\u00fcvenilir yem tedari\u011fi sunmaktad\u0131r. B\u00f6lge ko\u015fullar\u0131na uygun olarak se\u00e7ilen ot basma, besi yemi, s\u00fct yemi, arpa ve m\u0131s\u0131r gibi \u00fcr\u00fcnler hem hayvanlar\u0131n sa\u011fl\u0131kl\u0131 [&hellip;]<\/p>\n","protected":false},"author":1,"featured_media":0,"parent":0,"menu_order":0,"comment_status":"closed","ping_status":"closed","template":"elementor_header_footer","meta":{"footnotes":""},"class_list":["post-1438","page","type-page","status-publish","hentry"],"_links":{"self":[{"href":"https:\/\/www.yekoop.com.tr\/index.php\/wp-json\/wp\/v2\/pages\/1438","targetHints":{"allow":["GET"]}}],"collection":[{"href":"https:\/\/www.yekoop.com.tr\/index.php\/wp-json\/wp\/v2\/pages"}],"about":[{"href":"https:\/\/www.yekoop.com.tr\/index.php\/wp-json\/wp\/v2\/types\/page"}],"author":[{"embeddable":true,"href":"https:\/\/www.yekoop.com.tr\/index.php\/wp-json\/wp\/v2\/users\/1"}],"replies":[{"embeddable":true,"href":"https:\/\/www.yekoop.com.tr\/index.php\/wp-json\/wp\/v2\/comments?post=1438"}],"version-history":[{"count":4,"href":"https:\/\/www.yekoop.com.tr\/index.php\/wp-json\/wp\/v2\/pages\/1438\/revisions"}],"predecessor-version":[{"id":1451,"href":"https:\/\/www.yekoop.com.tr\/index.php\/wp-json\/wp\/v2\/pages\/1438\/revisions\/1451"}],"wp:attachment":[{"href":"https:\/\/www.yekoop.com.tr\/index.php\/wp-json\/wp\/v2\/media?parent=1438"}],"curies":[{"name":"wp","href":"https:\/\/api.w.org\/{rel}","templated":true}]}}